{"id":652,"date":"2020-08-07T09:43:02","date_gmt":"2020-08-07T08:43:02","guid":{"rendered":"http:\/\/fokusplamen.comhome\/"},"modified":"2020-09-15T10:53:26","modified_gmt":"2020-09-15T08:53:26","slug":"home","status":"publish","type":"page","link":"https:\/\/fokusplamen.com\/en\/","title":{"rendered":"Home"},"content":{"rendered":"\n<div class=\"wp-block-themepunch-revslider revslider\" data-modal=\"false\" data-slidertitle=\"Slider 2\" style=\"\">\n\t\t\t<!-- START indexSliderEn REVOLUTION SLIDER 6.3.9 --><p class=\"rs-p-wp-fix\"><\/p>\n\t\t\t<rs-module-wrap id=\"rev_slider_6_1_wrapper\" data-source=\"gallery\" style=\"background:#ffffff;padding:0;margin:0px auto;margin-top:0;margin-bottom:0;\">\n\t\t\t\t<rs-module id=\"rev_slider_6_1\" style=\"\" data-version=\"6.3.9\">\n\t\t\t\t\t<rs-slides>\n\t\t\t\t\t\t<rs-slide data-key=\"rs-12\" data-title=\"Slide\" data-anim=\"ei:d;eo:d;s:d;r:default;t:slideremoveleft;sl:d;\">\n\t\t\t\t\t\t\t<img src=\"\/\/fokusplamen.com\/wp-content\/plugins\/revslider\/public\/assets\/assets\/transparent.png\" alt=\"Slide\" data-parallax=\"off\" class=\"rev-slidebg\" data-no-retina>\n<!--\n\t\t\t\t\t\t\t--><a\n\t\t\t\t\t\t\t\tid=\"slider-6-slide-12-layer-10\" \n\t\t\t\t\t\t\t\tclass=\"rs-layer\"\n\t\t\t\t\t\t\t\thref=\"https:\/\/fokusplamen.com\/en\/operation-e-business-fokus-plamen-d-o-o\/\" target=\"_self\" rel=\"nofollow\"\n\t\t\t\t\t\t\t\tdata-type=\"image\"\n\t\t\t\t\t\t\t\tdata-rsp_ch=\"on\"\n\t\t\t\t\t\t\t\tdata-xy=\"xo:1429px,977px,735px,438px;yo:5px,4px,4px,4px;\"\n\t\t\t\t\t\t\t\tdata-text=\"w:normal;s:20,13,9,5;l:0,17,12,7;\"\n\t\t\t\t\t\t\t\tdata-dim=\"w:64px,43px,40px,40px;h:80px,54px,50px,50px;\"\n\t\t\t\t\t\t\t\tdata-frame_999=\"o:0;st:w;\"\n\t\t\t\t\t\t\t\tstyle=\"z-index:6;\"\n\t\t\t\t\t\t\t><img src=\"\/\/fokusplamen.com\/wp-content\/uploads\/2020\/09\/eu-skladi-slika.jpg\" width=\"113\" height=\"141\" data-no-retina> \n\t\t\t\t\t\t\t<\/a><!--\n\n\t\t\t\t\t\t\t--><rs-layer\n\t\t\t\t\t\t\t\tid=\"slider-6-slide-12-layer-11\" \n\t\t\t\t\t\t\t\tdata-type=\"image\"\n\t\t\t\t\t\t\t\tdata-rsp_ch=\"on\"\n\t\t\t\t\t\t\t\tdata-xy=\"xo:0,0,0,-248px;yo:0,0,0,-3px;\"\n\t\t\t\t\t\t\t\tdata-text=\"w:normal;s:20,13,9,5;l:0,17,12,7;\"\n\t\t\t\t\t\t\t\tdata-dim=\"w:1499px,1023px,777px,1046px;h:468px,319px,242px,327px;\"\n\t\t\t\t\t\t\t\tdata-frame_999=\"o:0;st:w;\"\n\t\t\t\t\t\t\t\tstyle=\"z-index:5;\"\n\t\t\t\t\t\t\t><img src=\"\/\/fokusplamen.com\/wp-content\/uploads\/2020\/08\/fokusslider.jpg\" alt=\" Fokus plamen ponuja vrhunske sve\u010de in v\u017eigala, di\u0161ave za odi\u0161avljanje prostorov ter druge profesionalne izdelke za luksuzni hotelski ali drug HO-RE-CA ambient. \" width=\"1920\" height=\"600\" data-no-retina> \n\t\t\t\t\t\t\t<\/rs-layer><!--\n-->\t\t\t\t\t\t<\/rs-slide>\n\t\t\t\t\t<\/rs-slides>\n\t\t\t\t\t<rs-static-layers><!--\n\n\t\t\t\t\t\t\t--><rs-group\n\t\t\t\t\t\t\t\tid=\"slider-6-slide-6-layer-12\" \n\t\t\t\t\t\t\t\tclass=\"rs-layer-static\"\n\t\t\t\t\t\t\t\tdata-type=\"group\"\n\t\t\t\t\t\t\t\tdata-rsp_ch=\"on\"\n\t\t\t\t\t\t\t\tdata-xy=\"x:c;xo:0,0,0,5px;yo:329px,224px,170px,289px;\"\n\t\t\t\t\t\t\t\tdata-text=\"w:normal;s:20,13,9,5;l:0,17,12,7;\"\n\t\t\t\t\t\t\t\tdata-dim=\"w:952px,649px,823px,443px;h:367px,250px,314px,501px;\"\n\t\t\t\t\t\t\t\tdata-onslides=\"s:1;\"\n\t\t\t\t\t\t\t\tdata-frame_0=\"o:1;\"\n\t\t\t\t\t\t\t\tdata-frame_999=\"o:0;st:w;sA:3000;\"\n\t\t\t\t\t\t\t\tstyle=\"z-index:14;\"\n\t\t\t\t\t\t\t><!--\n\t\t\t\t\t\t\t\t--><rs-layer\n\t\t\t\t\t\t\t\t\tid=\"slider-6-slide-6-layer-1\" \n\t\t\t\t\t\t\t\t\tclass=\"rs-layer-static\"\n\t\t\t\t\t\t\t\t\tdata-type=\"shape\"\n\t\t\t\t\t\t\t\t\tdata-rsp_ch=\"on\"\n\t\t\t\t\t\t\t\t\tdata-xy=\"x:l,l,c,l;xo:25,17,0,-28px;yo:43,29,37px,18px;\"\n\t\t\t\t\t\t\t\t\tdata-text=\"w:normal;s:20,13,9,5;l:0,17,12,7;\"\n\t\t\t\t\t\t\t\t\tdata-dim=\"w:908px,619px,714px,488px;h:321px,219px,276px,104px;\"\n\t\t\t\t\t\t\t\t\tdata-onslides=\"s:1;\"\n\t\t\t\t\t\t\t\t\tdata-frame_999=\"o:0;st:w;\"\n\t\t\t\t\t\t\t\t\tstyle=\"z-index:9;background-color:#ffffff;\"\n\t\t\t\t\t\t\t\t> \n\t\t\t\t\t\t\t\t<\/rs-layer><!--\n\n\t\t\t\t\t\t\t\t--><rs-layer\n\t\t\t\t\t\t\t\t\tid=\"slider-6-slide-6-layer-5\" \n\t\t\t\t\t\t\t\t\tclass=\"rs-layer-static\"\n\t\t\t\t\t\t\t\t\tdata-type=\"text\"\n\t\t\t\t\t\t\t\t\tdata-color=\"#0c0c0c\"\n\t\t\t\t\t\t\t\t\tdata-rsp_ch=\"on\"\n\t\t\t\t\t\t\t\t\tdata-xy=\"xo:82px,55px,98px,15px;yo:72px,49px,41px,74px;\"\n\t\t\t\t\t\t\t\t\tdata-text=\"w:normal;s:20,13,24,24;l:30,20,38,24;fw:700;\"\n\t\t\t\t\t\t\t\t\tdata-dim=\"w:617px,421px,464px,404px;\"\n\t\t\t\t\t\t\t\t\tdata-onslides=\"s:1;\"\n\t\t\t\t\t\t\t\t\tdata-frame_999=\"o:0;st:w;\"\n\t\t\t\t\t\t\t\t\tstyle=\"z-index:10;font-family:Raleway;\"\n\t\t\t\t\t\t\t\t>Professional HO-RE-CA Supplies for Luxurious Ambiences<br \/>\n \n\t\t\t\t\t\t\t\t<\/rs-layer><!--\n\n\t\t\t\t\t\t\t\t--><rs-layer\n\t\t\t\t\t\t\t\t\tid=\"slider-6-slide-6-layer-6\" \n\t\t\t\t\t\t\t\t\tclass=\"rs-layer-static\"\n\t\t\t\t\t\t\t\t\tdata-type=\"text\"\n\t\t\t\t\t\t\t\t\tdata-color=\"#0c0c0c\"\n\t\t\t\t\t\t\t\t\tdata-rsp_ch=\"on\"\n\t\t\t\t\t\t\t\t\tdata-xy=\"xo:77,52,96px,16px;yo:128,87,118px,143px;\"\n\t\t\t\t\t\t\t\t\tdata-text=\"w:normal;s:17,11,17,18;l:25,17,23,22;\"\n\t\t\t\t\t\t\t\t\tdata-dim=\"w:610px,416px,475px,415px;h:225px,153px,201px,215px;\"\n\t\t\t\t\t\t\t\t\tdata-onslides=\"s:1;\"\n\t\t\t\t\t\t\t\t\tdata-frame_999=\"o:0;st:w;\"\n\t\t\t\t\t\t\t\t\tstyle=\"z-index:11;font-family:Raleway;\"\n\t\t\t\t\t\t\t\t>Candele Horeca provides professional products for hotels, restaurants, SPAs and other HO-RE-CA partners. By exclusive suppliers\u2019 contracts we offer a wide assortment of world-known brands with strong presence on the market: <strong>Hofer Kerzen<\/strong> and <strong>Lumea professional candles, Burner International firestarters,<\/strong> and <strong>Acqua Delle Langhe ambient fragrances.<\/strong> Our partnership network grows day by day, offering diverse products and services for your successful hospitality business. One of our latest members we are very proud of is an <strong>awarded traditional Italian beer brewery Angelo Poretti. <\/strong> \n\t\t\t\t\t\t\t\t<\/rs-layer><!--\n\n\t\t\t\t\t\t\t\t--><a\n\t\t\t\t\t\t\t\t\tid=\"slider-6-slide-6-layer-7\" \n\t\t\t\t\t\t\t\t\tclass=\"rs-layer rev-btn rs-layer-static\"\n\t\t\t\t\t\t\t\t\thref=\"https:\/\/fokusplamen.com\/en\/brands\/\" target=\"_self\" rel=\"nofollow\"\n\t\t\t\t\t\t\t\t\tdata-type=\"button\"\n\t\t\t\t\t\t\t\t\tdata-rsp_ch=\"on\"\n\t\t\t\t\t\t\t\t\tdata-xy=\"xo:730px,498px,590px,12px;yo:200,136,170px,478px;\"\n\t\t\t\t\t\t\t\t\tdata-text=\"w:normal;s:18,12,15,16;l:20,13,15,16;fw:400,400,400,600;a:center;\"\n\t\t\t\t\t\t\t\t\tdata-dim=\"w:185,126,158,190px;h:64,43,53,60px;minh:0,none,none,none;\"\n\t\t\t\t\t\t\t\t\tdata-onslides=\"s:1;\"\n\t\t\t\t\t\t\t\t\tdata-padding=\"t:9,6,8,13;r:13,9,12,7;l:13,9,12,7;\"\n\t\t\t\t\t\t\t\t\tdata-border=\"bos:solid;boc:#ca9a5c;bow:2px,2px,2px,2px;bor:5px,5px,5px,5px;\"\n\t\t\t\t\t\t\t\t\tdata-frame_999=\"o:0;st:w;\"\n\t\t\t\t\t\t\t\t\tdata-frame_hover=\"c:#fff;bgc:#2f3068;boc:#2f3068;bor:5px,5px,5px,5px;bos:solid;bow:2px,2px,2px,2px;e:power1.inOut;bri:120%;\"\n\t\t\t\t\t\t\t\t\tstyle=\"z-index:13;background-color:#ca9a5c;font-family:Raleway;\"\n\t\t\t\t\t\t\t\t>Check<br \/>\nour brands \n\t\t\t\t\t\t\t\t<\/a><!--\n\n\t\t\t\t\t\t\t\t--><a\n\t\t\t\t\t\t\t\t\tid=\"slider-6-slide-6-layer-8\" \n\t\t\t\t\t\t\t\t\tclass=\"rs-layer rev-btn rs-layer-static\"\n\t\t\t\t\t\t\t\t\thref=\"https:\/\/candelehoreca.it\/\" target=\"_blank\" rel=\"nofollow noopener\"\n\t\t\t\t\t\t\t\t\tdata-type=\"button\"\n\t\t\t\t\t\t\t\t\tdata-rsp_ch=\"on\"\n\t\t\t\t\t\t\t\t\tdata-xy=\"xo:730px,498px,590px,233px;yo:114,77,100px,478px;\"\n\t\t\t\t\t\t\t\t\tdata-text=\"w:normal;s:18,12,15,16;l:20,13,15,16;fw:400,400,400,600;a:center;\"\n\t\t\t\t\t\t\t\t\tdata-dim=\"w:184,125,156,190px;h:63,43,53,60px;minh:0,none,none,none;\"\n\t\t\t\t\t\t\t\t\tdata-onslides=\"s:1;\"\n\t\t\t\t\t\t\t\t\tdata-padding=\"t:9,6,8,13;r:13,9,12,7;l:13,9,12,7;\"\n\t\t\t\t\t\t\t\t\tdata-border=\"bos:solid;boc:#ca9a5c;bow:2px,2px,2px,2px;bor:5px,5px,5px,5px;\"\n\t\t\t\t\t\t\t\t\tdata-frame_999=\"o:0;st:w;\"\n\t\t\t\t\t\t\t\t\tdata-frame_hover=\"c:#fff;bgc:#2f3068;boc:#2f3068;bor:5px,5px,5px,5px;bos:solid;bow:2px,2px,2px,2px;e:power1.inOut;bri:120%;\"\n\t\t\t\t\t\t\t\t\tstyle=\"z-index:12;background-color:#ca9a5c;font-family:Raleway;\"\n\t\t\t\t\t\t\t\t>Go to<br \/>\nwebshop \n\t\t\t\t\t\t\t\t<\/a><!--\n\t\t\t\t\t\t\t--><\/rs-group><!--\n\t\t\t\t\t--><\/rs-static-layers>\n\t\t\t\t<\/rs-module>\n\t\t\t<\/rs-module-wrap>\n\t\t\t<!-- END REVOLUTION SLIDER -->\n<\/div>\n\n\n\n<p><\/p>\n\n\n\n<h2 class=\"has-text-align-center\"><strong>Reliable supply of professional products for your hospitality business<\/strong><\/h2>\n\n\n\n<div class=\"wp-block-columns row py-4\">\n<div class=\"wp-block-column col-12 col-sm-4\">\n<figure class=\"wp-block-image size-large\"><img loading=\"lazy\" width=\"400\" height=\"400\" src=\"https:\/\/fokusplamen.com\/wp-content\/uploads\/2020\/08\/o-nas-fokus-plamen-homepage.jpg\" alt=\"\" class=\"wp-image-1038\" title=\"\" srcset=\"https:\/\/fokusplamen.com\/wp-content\/uploads\/2020\/08\/o-nas-fokus-plamen-homepage.jpg 400w, https:\/\/fokusplamen.com\/wp-content\/uploads\/2020\/08\/o-nas-fokus-plamen-homepage-300x300.jpg 300w, https:\/\/fokusplamen.com\/wp-content\/uploads\/2020\/08\/o-nas-fokus-plamen-homepage-150x150.jpg 150w\" sizes=\"(max-width: 400px) 100vw, 400px\" \/><\/figure>\n\n\n\n<h2>About us<\/h2>\n\n\n\n<p>EU-based company with a tradition of a strong assortment of ambiental accessories. Today we are building a wholesome, loyal and reliable supply shopping service for HO-RE-CA businesses. <a href=\"\/en\/about-us\/\">More&#8230;<\/a><\/p>\n<\/div>\n\n\n\n<div class=\"wp-block-column col-12 col-sm-4\">\n<figure class=\"wp-block-image size-large\"><img loading=\"lazy\" width=\"400\" height=\"400\" src=\"https:\/\/fokusplamen.com\/wp-content\/uploads\/2020\/08\/zastopstva-fokus-plamen-homepage-1.jpg\" alt=\"\" class=\"wp-image-1044\" title=\"\" srcset=\"https:\/\/fokusplamen.com\/wp-content\/uploads\/2020\/08\/zastopstva-fokus-plamen-homepage-1.jpg 400w, https:\/\/fokusplamen.com\/wp-content\/uploads\/2020\/08\/zastopstva-fokus-plamen-homepage-1-300x300.jpg 300w, https:\/\/fokusplamen.com\/wp-content\/uploads\/2020\/08\/zastopstva-fokus-plamen-homepage-1-150x150.jpg 150w\" sizes=\"(max-width: 400px) 100vw, 400px\" \/><\/figure>\n\n\n\n<h2>Brands<\/h2>\n\n\n\n<p>Strong network of distributors and sales representatives with exclusive contracts for top-notch brands of professional ambient supplies, such as&nbsp;professional candles, fire starters, and ambient fragrances. <a href=\"\/en\/brands\/\">More&#8230;<\/a><\/p>\n<\/div>\n\n\n\n<div class=\"wp-block-column col-12 col-sm-4\">\n<figure class=\"wp-block-image size-large\"><img loading=\"lazy\" width=\"400\" height=\"400\" src=\"https:\/\/fokusplamen.com\/wp-content\/uploads\/2020\/08\/reference-fokus-plamen-homepage.jpg\" alt=\"\" class=\"wp-image-1047\" title=\"\" srcset=\"https:\/\/fokusplamen.com\/wp-content\/uploads\/2020\/08\/reference-fokus-plamen-homepage.jpg 400w, https:\/\/fokusplamen.com\/wp-content\/uploads\/2020\/08\/reference-fokus-plamen-homepage-300x300.jpg 300w, https:\/\/fokusplamen.com\/wp-content\/uploads\/2020\/08\/reference-fokus-plamen-homepage-150x150.jpg 150w\" sizes=\"(max-width: 400px) 100vw, 400px\" \/><\/figure>\n\n\n\n<h2>References<\/h2>\n\n\n\n<p>Partnerships with our customers come first. Hotels, restaurants, cafes, spas and other hospitality businesses trust us for the quality of our products as well as our services. Become one and find out the benefits yourself!<\/p>\n<\/div>\n<\/div>\n\n\n\n<hr class=\"wp-block-separator has-text-color has-background is-style-wide\" style=\"background-color:#ca9a5c;color:#ca9a5c\"\/>\n\n\n\n<h2 class=\"has-text-align-center pb-4 pt-4\">Representing Top European Brands<\/h2>\n\n\n\n<div class=\"wp-block-columns row\">\n<div class=\"wp-block-column col-6 col-md-2\">\n<figure class=\"wp-block-image size-large znamke\"><img loading=\"lazy\" width=\"400\" height=\"130\" src=\"http:\/\/fokusplamen.com\/wp-content\/uploads\/2020\/08\/hofer.jpg\" alt=\"\" class=\"wp-image-738\" title=\"\" srcset=\"https:\/\/fokusplamen.com\/wp-content\/uploads\/2020\/08\/hofer.jpg 400w, https:\/\/fokusplamen.com\/wp-content\/uploads\/2020\/08\/hofer-300x98.jpg 300w\" sizes=\"(max-width: 400px) 100vw, 400px\" \/><\/figure>\n<\/div>\n\n\n\n<div class=\"wp-block-column col-6 col-md-2\">\n<figure class=\"wp-block-image size-large znamke\"><img loading=\"lazy\" width=\"400\" height=\"130\" src=\"http:\/\/fokusplamen.com\/wp-content\/uploads\/2020\/08\/lumea.jpg\" alt=\"\" class=\"wp-image-739\" title=\"\" srcset=\"https:\/\/fokusplamen.com\/wp-content\/uploads\/2020\/08\/lumea.jpg 400w, https:\/\/fokusplamen.com\/wp-content\/uploads\/2020\/08\/lumea-300x98.jpg 300w\" sizes=\"(max-width: 400px) 100vw, 400px\" \/><\/figure>\n<\/div>\n\n\n\n<div class=\"wp-block-column col-6 col-md-2\">\n<figure class=\"wp-block-image size-large znamke\"><img loading=\"lazy\" width=\"400\" height=\"130\" src=\"http:\/\/fokusplamen.com\/wp-content\/uploads\/2020\/08\/bsi.jpg\" alt=\"\" class=\"wp-image-737\" title=\"\" srcset=\"https:\/\/fokusplamen.com\/wp-content\/uploads\/2020\/08\/bsi.jpg 400w, https:\/\/fokusplamen.com\/wp-content\/uploads\/2020\/08\/bsi-300x98.jpg 300w\" sizes=\"(max-width: 400px) 100vw, 400px\" \/><\/figure>\n<\/div>\n\n\n\n<div class=\"wp-block-column col-6 col-md-2\">\n<figure class=\"wp-block-image size-large znamke\"><img loading=\"lazy\" width=\"400\" height=\"130\" src=\"http:\/\/fokusplamen.com\/wp-content\/uploads\/2020\/08\/poretti.jpg\" alt=\"\" class=\"wp-image-740\" title=\"\" srcset=\"https:\/\/fokusplamen.com\/wp-content\/uploads\/2020\/08\/poretti.jpg 400w, https:\/\/fokusplamen.com\/wp-content\/uploads\/2020\/08\/poretti-300x98.jpg 300w\" sizes=\"(max-width: 400px) 100vw, 400px\" \/><\/figure>\n<\/div>\n\n\n\n<div class=\"wp-block-column col-6 col-md-2\">\n<figure class=\"wp-block-image size-large\"><img loading=\"lazy\" width=\"260\" height=\"160\" src=\"http:\/\/fokusplamen.com\/wp-content\/uploads\/2020\/08\/acqua-1-1.jpg\" alt=\"acqua-delle-langhe\" class=\"wp-image-807\"\/><\/figure>\n<\/div>\n\n\n\n<div class=\"wp-block-column col-6 col-md-2\">\n<figure class=\"wp-block-image size-large znamke\"><img loading=\"lazy\" width=\"1024\" height=\"425\" src=\"http:\/\/fokusplamen.com\/wp-content\/uploads\/2020\/08\/JEKA-1024x425.jpg\" alt=\"\" class=\"wp-image-772\" title=\"\" srcset=\"https:\/\/fokusplamen.com\/wp-content\/uploads\/2020\/08\/JEKA-1024x425.jpg 1024w, https:\/\/fokusplamen.com\/wp-content\/uploads\/2020\/08\/JEKA-300x124.jpg 300w, https:\/\/fokusplamen.com\/wp-content\/uploads\/2020\/08\/JEKA-768x319.jpg 768w, https:\/\/fokusplamen.com\/wp-content\/uploads\/2020\/08\/JEKA.jpg 1280w\" sizes=\"(max-width: 1024px) 100vw, 1024px\" \/><\/figure>\n\n\n\n<p><\/p>\n<\/div>\n<\/div>\n\n\n\n<div class=\"wp-block-buttons aligncenter\">\n<div class=\"wp-block-button\"><a class=\"wp-block-button__link\" href=\"https:\/\/fokusplamen.com\/en\/brands\/\" style=\"border-radius:7px\">More&#8230;<\/a><\/div>\n<\/div>\n\n\n\n<hr class=\"wp-block-separator has-text-color has-background is-style-wide\" style=\"background-color:#ca9a5c;color:#ca9a5c\"\/>\n\n\n\n<iframe width=\"560\" height=\"315\" src=\"https:\/\/www.youtube.com\/embed\/jXyO1xL9Yd8\" frameborder=\"0\" allow=\"accelerometer; autoplay; clipboard-write; encrypted-media; gyroscope; picture-in-picture\" allowfullscreen=\"\"><\/iframe>\n\n\n\n<p><\/p>\n","protected":false},"excerpt":{"rendered":"<p>Reliable supply of professional products for your hospitality business About us EU-based company with a tradition of a strong assortment of ambiental accessories. Today we are building a wholesome, loyal and reliable supply shopping service for HO-RE-CA businesses. More&#8230; Brands Strong network of distributors and sales representatives with exclusive contracts for top-notch brands of professional [&hellip;]<\/p>\n","protected":false},"author":3,"featured_media":0,"parent":0,"menu_order":0,"comment_status":"closed","ping_status":"closed","template":"","meta":[],"_links":{"self":[{"href":"https:\/\/fokusplamen.com\/en\/wp-json\/wp\/v2\/pages\/652"}],"collection":[{"href":"https:\/\/fokusplamen.com\/en\/wp-json\/wp\/v2\/pages"}],"about":[{"href":"https:\/\/fokusplamen.com\/en\/wp-json\/wp\/v2\/types\/page"}],"author":[{"embeddable":true,"href":"https:\/\/fokusplamen.com\/en\/wp-json\/wp\/v2\/users\/3"}],"replies":[{"embeddable":true,"href":"https:\/\/fokusplamen.com\/en\/wp-json\/wp\/v2\/comments?post=652"}],"version-history":[{"count":21,"href":"https:\/\/fokusplamen.com\/en\/wp-json\/wp\/v2\/pages\/652\/revisions"}],"predecessor-version":[{"id":1182,"href":"https:\/\/fokusplamen.com\/en\/wp-json\/wp\/v2\/pages\/652\/revisions\/1182"}],"wp:attachment":[{"href":"https:\/\/fokusplamen.com\/en\/wp-json\/wp\/v2\/media?parent=652"}],"curies":[{"name":"wp","href":"https:\/\/api.w.org\/{rel}","templated":true}]}}