{"id":659,"date":"2020-08-07T09:56:04","date_gmt":"2020-08-07T08:56:04","guid":{"rendered":"http:\/\/fokusplamen.comcontact-us\/"},"modified":"2020-08-10T13:54:58","modified_gmt":"2020-08-10T12:54:58","slug":"contact-us","status":"publish","type":"page","link":"https:\/\/fokusplamen.com\/en\/contact-us\/","title":{"rendered":"Contact us"},"content":{"rendered":"\n<div class=\"wp-block-columns row\">\n<div class=\"wp-block-column col-12 col-md-8 contact\">\n<h2 class=\"has-text-color\" style=\"color:#2f3068\">Contact Form<\/h2>\n\n\n\n<div role=\"form\" class=\"wpcf7\" id=\"wpcf7-f658-o1\" lang=\"sl-SI\" dir=\"ltr\">\n<div class=\"screen-reader-response\"><p role=\"status\" aria-live=\"polite\" aria-atomic=\"true\"><\/p> <ul><\/ul><\/div>\n<form action=\"\/en\/wp-json\/wp\/v2\/pages\/659#wpcf7-f658-o1\" method=\"post\" class=\"wpcf7-form init\" novalidate=\"novalidate\" data-status=\"init\">\n<div style=\"display: none;\">\n<input type=\"hidden\" name=\"_wpcf7\" value=\"658\" \/>\n<input type=\"hidden\" name=\"_wpcf7_version\" value=\"5.4\" \/>\n<input type=\"hidden\" name=\"_wpcf7_locale\" value=\"sl_SI\" \/>\n<input type=\"hidden\" name=\"_wpcf7_unit_tag\" value=\"wpcf7-f658-o1\" \/>\n<input type=\"hidden\" name=\"_wpcf7_container_post\" value=\"0\" \/>\n<input type=\"hidden\" name=\"_wpcf7_posted_data_hash\" value=\"\" \/>\n<\/div>\n<p><label> Name and surname<br \/>\n    <span class=\"wpcf7-form-control-wrap your-name\"><input type=\"text\" name=\"your-name\" value=\"\" size=\"40\" class=\"wpcf7-form-control wpcf7-text wpcf7-validates-as-required\" aria-required=\"true\" aria-invalid=\"false\" \/><\/span> <\/label><\/p>\n<p><label> Company<br \/>\n    <span class=\"wpcf7-form-control-wrap podjetje\"><input type=\"text\" name=\"podjetje\" value=\"\" size=\"40\" class=\"wpcf7-form-control wpcf7-text\" aria-invalid=\"false\" \/><\/span><\/label><\/p>\n<p><label> Email<br \/>\n    <span class=\"wpcf7-form-control-wrap your-email\"><input type=\"email\" name=\"your-email\" value=\"\" size=\"40\" class=\"wpcf7-form-control wpcf7-text wpcf7-email wpcf7-validates-as-required wpcf7-validates-as-email\" aria-required=\"true\" aria-invalid=\"false\" \/><\/span> <\/label><\/p>\n<p><label> Telephone<br \/>\n    <span class=\"wpcf7-form-control-wrap your-phone\"><input type=\"tel\" name=\"your-phone\" value=\"\" size=\"40\" class=\"wpcf7-form-control wpcf7-text wpcf7-tel wpcf7-validates-as-tel\" aria-invalid=\"false\" \/><\/span> <\/label><\/p>\n<p><label> Your message<br \/>\n    <span class=\"wpcf7-form-control-wrap your-message\"><textarea name=\"your-message\" cols=\"40\" rows=\"10\" class=\"wpcf7-form-control wpcf7-textarea\" aria-invalid=\"false\"><\/textarea><\/span> <\/label><\/p>\n<p><input type=\"submit\" value=\"Send\" class=\"wpcf7-form-control wpcf7-submit\" \/><\/p>\n<div class=\"wpcf7-response-output\" aria-hidden=\"true\"><\/div><\/form><\/div>\n<\/div>\n\n\n\n<div class=\"wp-block-column col-12 col-md-4\">\n<h2 class=\"has-text-color\" style=\"color:#2f3068\">Company contact<\/h2>\n\n\n\n<p>Fokus plamen d.o.o.<br\/>Bratu\u017eeva ulica 13A<br\/>\u0160empeter pri Gorici<br\/>5290 \u0160empeter pri Gorici<br\/><br\/><a href=\"tel:+386 (0) 40 285 921\">+386 (0) 40 285 921<br\/><\/a><a rel=\"noreferrer noopener\" href=\"mailto:info@fokusplamen.com\" target=\"_blank\">info@fokusplamen.com<\/a><\/p>\n\n\n\n<p>DDV ID: SI23975709<br\/>Business Registration Number: 6044808000<br\/>TRR: SI56 0510 0801 3369 211<\/p>\n\n\n<iframe src=\"https:\/\/www.google.com\/maps\/embed?pb=!1m18!1m12!1m3!1d2775.3156141585428!2d13.631308115957438!3d45.924991410598004!2m3!1f0!2f0!3f0!3m2!1i1024!2i768!4f13.1!3m3!1m2!1s0x477b06d6a0334941%3A0x37f4b714538c81fc!2sBratu%C5%BEeva%20ulica%2013a%2C%205290%20%C5%A0empeter%20pri%20Gorici!5e0!3m2!1ssl!2ssi!4v1597053299306!5m2!1ssl!2ssi\" width=\"600\" height=\"450\" frameborder=\"0\" style=\"border:0;\" allowfullscreen=\"\" aria-hidden=\"false\" tabindex=\"0\"><\/iframe>&#13;\n\n\n\n<p><\/p>\n<\/div>\n<\/div>\n\n<p><\/p>\n","protected":false},"excerpt":{"rendered":"<p>Contact Form Company contact Fokus plamen d.o.o.Bratu\u017eeva ulica 13A\u0160empeter pri Gorici5290 \u0160empeter pri Gorici +386 (0) 40 285 921info@fokusplamen.com DDV ID: SI23975709Business Registration Number: 6044808000TRR: SI56 0510 0801 3369 211 &#13;<\/p>\n","protected":false},"author":3,"featured_media":0,"parent":0,"menu_order":0,"comment_status":"closed","ping_status":"closed","template":"","meta":[],"_links":{"self":[{"href":"https:\/\/fokusplamen.com\/en\/wp-json\/wp\/v2\/pages\/659"}],"collection":[{"href":"https:\/\/fokusplamen.com\/en\/wp-json\/wp\/v2\/pages"}],"about":[{"href":"https:\/\/fokusplamen.com\/en\/wp-json\/wp\/v2\/types\/page"}],"author":[{"embeddable":true,"href":"https:\/\/fokusplamen.com\/en\/wp-json\/wp\/v2\/users\/3"}],"replies":[{"embeddable":true,"href":"https:\/\/fokusplamen.com\/en\/wp-json\/wp\/v2\/comments?post=659"}],"version-history":[{"count":3,"href":"https:\/\/fokusplamen.com\/en\/wp-json\/wp\/v2\/pages\/659\/revisions"}],"predecessor-version":[{"id":896,"href":"https:\/\/fokusplamen.com\/en\/wp-json\/wp\/v2\/pages\/659\/revisions\/896"}],"wp:attachment":[{"href":"https:\/\/fokusplamen.com\/en\/wp-json\/wp\/v2\/media?parent=659"}],"curies":[{"name":"wp","href":"https:\/\/api.w.org\/{rel}","templated":true}]}}