{"id":1004,"date":"2020-08-10T14:59:48","date_gmt":"2020-08-10T13:59:48","guid":{"rendered":"http:\/\/fokusplamen.comtermini-generali-e-condizioni\/"},"modified":"2020-08-20T12:27:55","modified_gmt":"2020-08-20T11:27:55","slug":"termini-generali-e-condizioni","status":"publish","type":"page","link":"https:\/\/fokusplamen.com\/it\/termini-generali-e-condizioni\/","title":{"rendered":"Termini generali e condizioni"},"content":{"rendered":"\n<h2>Avviso sulla protezione dei dati personali<\/h2>\n\n<p>L&#8217;AZIENDA Fokus Plamen doo, email: <a href=\"mailto:info@fokusplamen.com\"> info@fokusplamen.com <\/a>, \u00e8 il titolare del trattamento dei dati personali per il sito web <a href=\"http:\/\/fokusplamen.comit\/\">fokusplamen.com <\/a> e tutti i domini relativi all&#8217;azienda.<\/p>\n\n<p>Fokus Plamen si impegna a proteggere i dati personali forniti in conformit\u00e0 con il Personal Data Protection Act (ZVOP-1) e il Regolamento generale sulla protezione dei dati (GDPR). Tutti i dati forniti saranno trattati con la massima riservatezza e saranno utilizzati solo per lo scopo per il quale sono stati forniti.<\/p>\n\n<p>Fokus Plamen elabora e memorizza i dati personali di un individuo per lo scopo per il quale l&#8217;individuo ha inviato i dati: comunicazione con noi, prenotazione di servizi, richieste, iscrizione alla newsletter.<\/p>\n\n<p>Quando si tratta di dati inviati indirettamente e direttamente, siamo vincolati dalla legge sulla protezione dei dati personali, che definisce i diritti, gli obblighi, i principi e le misure per prevenire interferenze incostituzionali, illegali e ingiustificate con la privacy e la dignit\u00e0 di un individuo nel trattamento dei dati personali. dati.<\/p>\n\n<p>La base per la raccolta e il trattamento dei dati personali \u00e8 un modulo di consenso sul sito Web in cui un cliente inserisce le informazioni necessarie per la comunicazione \/ ordine.<\/p>\n\n<p>Ai fini dell&#8217;elaborazione di un ordine o di una richiesta, Fokus Plamen memorizza i seguenti dati personali di contatto: nome, cognome, e-mail, numero di telefono, &#8230;<\/p>\n\n<p>Fokus Plamen si impegna a non divulgare i dati a terzi, al di fuori dell&#8217;UE e del SEE, o ad organizzazioni internazionali in questo settore, a meno che non sia conforme alla legge applicabile e si applichi ai casi descritti nel presente documento.<\/p>\n\n<p>Al fine di garantire l&#8217;usabilit\u00e0 di questo sito Web, Fokus Plamen noleggia servizi da altre societ\u00e0 e fornitori (fornitori di servizi IT), il che significa che i tuoi dati personali saranno elaborati da fornitori che ospitano i nostri database e applicazioni per servizi di elaborazione dati o per l&#8217;invio informazioni da te richieste, per fornire servizi di supporto, ecc. Forniremo tali dati a fornitori di servizi esterni o renderemo loro accessibili i dati solo nella misura necessaria per uno scopo specifico. I dati raccolti non verranno utilizzati per nessun altro scopo. I fornitori di servizi esterni di Fokus Plamen sono contrattualmente vincolati a rispettare la riservatezza dei tuoi dati personali.<\/p>\n\n<p>Durante il periodo di tempo della nostra gestione dei dati personali, l&#8217;individuo ha il diritto di visualizzare, trascrivere, copiare, integrare, correggere, bloccare e cancellare i dati personali nel database in conformit\u00e0 con la legge applicabile. L&#8217;individuo pu\u00f2 esercitare questo diritto inviando un&#8217;e-mail a <a href=\"mailto:info@fokusplamen.com\"> info@fokusplamen.com <\/a><\/p>\n\n<p>Fokus Plamen salvaguarder\u00e0 i dati ottenuti e ne impedir\u00e0 l&#8217;uso improprio. I dati personali saranno utilizzati solo per le finalit\u00e0 per le quali l&#8217;utente ha prestato il consenso. Fokus Plamen si impegna a conservare i dati raccolti solo per il tempo strettamente necessario a raggiungere lo scopo per il quale i dati sono stati raccolti.<\/p>\n\n<p>Quando non \u00e8 pi\u00f9 necessario gestire i dati personali o previa cancellazione scritta da parte dell&#8217;utente (inviata a <a href=\"mailto:info@fokusplamen.com\"> info@fokusplamen.com <\/a>), i dati verranno cancellati oppure i relativi supporti di dati verranno distrutti.<\/p>\n\n<p>Gli utenti possono in qualsiasi momento <strong> richiedere un&#8217;alterazione o la cancellazione dei propri dati personali <\/strong> all&#8217;indirizzo e-mail <a href=\"mailto:info@fokusplamen.com\"> info@fokusplamen.com <\/a>. I dati verranno cancellati nel pi\u00f9 breve tempo possibile.<\/p>\n\n<p>L&#8217;utente ha il diritto di presentare ricorso al Commissario per le informazioni della Repubblica di Slovenia.<\/p>\n\n<h2 class=\"pt-2\">Uso improprio dei dati<\/h2>\n\n<p>Ci impegniamo a proteggere i tuoi dati personali in conformit\u00e0 con il Personal Data Protection Act (ZVOP-1) e il Regolamento generale sulla protezione dei dati (GDPR). In caso di uso improprio dei dati, ti informeremo via e-mail, nel pi\u00f9 breve tempo possibile e non oltre 72 ore dall&#8217;identificazione di un uso improprio.<\/p>\n\n<h2 class=\"pt-2\"><strong> Responsabilit\u00e0 <\/strong><\/h2>\n\n<p>Il sito web \u00e8 impostato e gestito con la massima cura. Tuttavia, Fokus Plamen non pu\u00f2 garantire che tutte le informazioni sul sito web siano aggiornate, accurate e corrette. Tutte le informazioni possono essere modificate senza preavviso.<\/p>\n\n<h2 class=\"pt-2\"><strong> Cookie <\/strong><\/h2>\n\n<p>I cookie sono piccoli file contenenti informazioni che vengono temporaneamente memorizzate sul tuo computer. Non sei informato quando i cookie vengono installati sul tuo computer. Lo scopo principale dei cookie \u00e8 consentire ai server Web di riconoscere il computer e il browser Web, adattare il sito Web e fornire facilit\u00e0 e velocit\u00e0. I cookie ci consentono di mostrarti le informazioni corrette che stai cercando e a cui sei interessato. Raccogliendo e memorizzando le informazioni sulle impostazioni del tuo sito web utilizzando i cookie, possiamo fornire un sito web migliore e un&#8217;esperienza di marketing. I cookie non ci danno accesso al tuo computer e le informazioni che raccogliamo attraverso i cookie non includono dati personali.<\/p>\n\n<p>Fokus Plamen si riserva il diritto di modificare la sua politica di protezione dei dati personali (questo documento) in qualsiasi momento a sua esclusiva discrezione.<\/p>\n\n<p>\u0160empeter pri Gorici, 15. 8. 2020.<\/p>\n","protected":false},"excerpt":{"rendered":"<p>Avviso sulla protezione dei dati personali L&#8217;AZIENDA Fokus Plamen doo, email: info@fokusplamen.com , \u00e8 il titolare del trattamento dei dati personali per il sito web fokusplamen.com e tutti i domini relativi all&#8217;azienda. Fokus Plamen si impegna a proteggere i dati personali forniti in conformit\u00e0 con il Personal Data Protection Act (ZVOP-1) e il Regolamento generale [&hellip;]<\/p>\n","protected":false},"author":3,"featured_media":0,"parent":0,"menu_order":0,"comment_status":"closed","ping_status":"closed","template":"","meta":[],"_links":{"self":[{"href":"https:\/\/fokusplamen.com\/it\/wp-json\/wp\/v2\/pages\/1004"}],"collection":[{"href":"https:\/\/fokusplamen.com\/it\/wp-json\/wp\/v2\/pages"}],"about":[{"href":"https:\/\/fokusplamen.com\/it\/wp-json\/wp\/v2\/types\/page"}],"author":[{"embeddable":true,"href":"https:\/\/fokusplamen.com\/it\/wp-json\/wp\/v2\/users\/3"}],"replies":[{"embeddable":true,"href":"https:\/\/fokusplamen.com\/it\/wp-json\/wp\/v2\/comments?post=1004"}],"version-history":[{"count":4,"href":"https:\/\/fokusplamen.com\/it\/wp-json\/wp\/v2\/pages\/1004\/revisions"}],"predecessor-version":[{"id":1090,"href":"https:\/\/fokusplamen.com\/it\/wp-json\/wp\/v2\/pages\/1004\/revisions\/1090"}],"wp:attachment":[{"href":"https:\/\/fokusplamen.com\/it\/wp-json\/wp\/v2\/media?parent=1004"}],"curies":[{"name":"wp","href":"https:\/\/api.w.org\/{rel}","templated":true}]}}