{"id":918,"date":"2020-08-10T14:34:45","date_gmt":"2020-08-10T13:34:45","guid":{"rendered":"http:\/\/fokusplamen.comcasa\/"},"modified":"2020-09-15T10:54:49","modified_gmt":"2020-09-15T08:54:49","slug":"casa","status":"publish","type":"page","link":"https:\/\/fokusplamen.com\/it\/","title":{"rendered":"Pagina iniziale"},"content":{"rendered":"\n\n\t\t\t<!-- START indexSliderIt REVOLUTION SLIDER 6.3.9 --><p class=\"rs-p-wp-fix\"><\/p>\n\t\t\t<rs-module-wrap id=\"rev_slider_7_1_wrapper\" data-source=\"gallery\" style=\"background:#ffffff;padding:0;margin:0px auto;margin-top:0;margin-bottom:0;\">\n\t\t\t\t<rs-module id=\"rev_slider_7_1\" style=\"\" data-version=\"6.3.9\">\n\t\t\t\t\t<rs-slides>\n\t\t\t\t\t\t<rs-slide data-key=\"rs-13\" data-title=\"Slide\" data-anim=\"ei:d;eo:d;s:d;r:default;t:slideremoveleft;sl:d;\">\n\t\t\t\t\t\t\t<img src=\"\/\/fokusplamen.com\/wp-content\/plugins\/revslider\/public\/assets\/assets\/transparent.png\" alt=\"Slide\" data-parallax=\"off\" class=\"rev-slidebg\" data-no-retina>\n<!--\n\t\t\t\t\t\t\t--><a\n\t\t\t\t\t\t\t\tid=\"slider-7-slide-13-layer-10\" \n\t\t\t\t\t\t\t\tclass=\"rs-layer\"\n\t\t\t\t\t\t\t\thref=\"https:\/\/fokusplamen.com\/it\/operazione-e-business-fokus-plamen-d-o-o\/\" target=\"_self\" rel=\"nofollow\"\n\t\t\t\t\t\t\t\tdata-type=\"image\"\n\t\t\t\t\t\t\t\tdata-rsp_ch=\"on\"\n\t\t\t\t\t\t\t\tdata-xy=\"xo:1429px,977px,735px,438px;yo:5px,4px,4px,4px;\"\n\t\t\t\t\t\t\t\tdata-text=\"w:normal;s:20,13,9,5;l:0,17,12,7;\"\n\t\t\t\t\t\t\t\tdata-dim=\"w:64px,43px,40px,40px;h:80px,54px,50px,50px;\"\n\t\t\t\t\t\t\t\tdata-frame_999=\"o:0;st:w;\"\n\t\t\t\t\t\t\t\tstyle=\"z-index:6;\"\n\t\t\t\t\t\t\t><img src=\"\/\/fokusplamen.com\/wp-content\/uploads\/2020\/09\/eu-skladi-slika.jpg\" width=\"113\" height=\"141\" data-no-retina> \n\t\t\t\t\t\t\t<\/a><!--\n\n\t\t\t\t\t\t\t--><rs-layer\n\t\t\t\t\t\t\t\tid=\"slider-7-slide-13-layer-11\" \n\t\t\t\t\t\t\t\tdata-type=\"image\"\n\t\t\t\t\t\t\t\tdata-rsp_ch=\"on\"\n\t\t\t\t\t\t\t\tdata-xy=\"xo:0,0,0,-248px;yo:0,0,0,-3px;\"\n\t\t\t\t\t\t\t\tdata-text=\"w:normal;s:20,13,9,5;l:0,17,12,7;\"\n\t\t\t\t\t\t\t\tdata-dim=\"w:1499px,1023px,777px,1046px;h:468px,319px,242px,327px;\"\n\t\t\t\t\t\t\t\tdata-frame_999=\"o:0;st:w;\"\n\t\t\t\t\t\t\t\tstyle=\"z-index:5;\"\n\t\t\t\t\t\t\t><img src=\"\/\/fokusplamen.com\/wp-content\/uploads\/2020\/08\/fokusslider.jpg\" alt=\" Fokus plamen ponuja vrhunske sve\u010de in v\u017eigala, di\u0161ave za odi\u0161avljanje prostorov ter druge profesionalne izdelke za luksuzni hotelski ali drug HO-RE-CA ambient. \" width=\"1920\" height=\"600\" data-no-retina> \n\t\t\t\t\t\t\t<\/rs-layer><!--\n-->\t\t\t\t\t\t<\/rs-slide>\n\t\t\t\t\t<\/rs-slides>\n\t\t\t\t\t<rs-static-layers><!--\n\n\t\t\t\t\t\t\t--><rs-group\n\t\t\t\t\t\t\t\tid=\"slider-7-slide-7-layer-12\" \n\t\t\t\t\t\t\t\tclass=\"rs-layer-static\"\n\t\t\t\t\t\t\t\tdata-type=\"group\"\n\t\t\t\t\t\t\t\tdata-rsp_ch=\"on\"\n\t\t\t\t\t\t\t\tdata-xy=\"x:c;xo:0,0,0,5px;yo:329px,224px,170px,289px;\"\n\t\t\t\t\t\t\t\tdata-text=\"w:normal;s:20,13,9,5;l:0,17,12,7;\"\n\t\t\t\t\t\t\t\tdata-dim=\"w:952px,649px,823px,443px;h:367px,250px,314px,501px;\"\n\t\t\t\t\t\t\t\tdata-onslides=\"s:1;\"\n\t\t\t\t\t\t\t\tdata-frame_0=\"o:1;\"\n\t\t\t\t\t\t\t\tdata-frame_999=\"o:0;st:w;sA:3000;\"\n\t\t\t\t\t\t\t\tstyle=\"z-index:14;\"\n\t\t\t\t\t\t\t><!--\n\t\t\t\t\t\t\t\t--><rs-layer\n\t\t\t\t\t\t\t\t\tid=\"slider-7-slide-7-layer-1\" \n\t\t\t\t\t\t\t\t\tclass=\"rs-layer-static\"\n\t\t\t\t\t\t\t\t\tdata-type=\"shape\"\n\t\t\t\t\t\t\t\t\tdata-rsp_ch=\"on\"\n\t\t\t\t\t\t\t\t\tdata-xy=\"x:l,l,c,l;xo:25,17,0,-28px;yo:43,29,37px,18px;\"\n\t\t\t\t\t\t\t\t\tdata-text=\"w:normal;s:20,13,9,5;l:0,17,12,7;\"\n\t\t\t\t\t\t\t\t\tdata-dim=\"w:908px,619px,714px,488px;h:321px,219px,276px,104px;\"\n\t\t\t\t\t\t\t\t\tdata-onslides=\"s:1;\"\n\t\t\t\t\t\t\t\t\tdata-frame_999=\"o:0;st:w;\"\n\t\t\t\t\t\t\t\t\tstyle=\"z-index:9;background-color:#ffffff;\"\n\t\t\t\t\t\t\t\t> \n\t\t\t\t\t\t\t\t<\/rs-layer><!--\n\n\t\t\t\t\t\t\t\t--><rs-layer\n\t\t\t\t\t\t\t\t\tid=\"slider-7-slide-7-layer-5\" \n\t\t\t\t\t\t\t\t\tclass=\"rs-layer-static\"\n\t\t\t\t\t\t\t\t\tdata-type=\"text\"\n\t\t\t\t\t\t\t\t\tdata-color=\"#0c0c0c\"\n\t\t\t\t\t\t\t\t\tdata-rsp_ch=\"on\"\n\t\t\t\t\t\t\t\t\tdata-xy=\"xo:82px,55px,98px,15px;yo:72px,49px,41px,74px;\"\n\t\t\t\t\t\t\t\t\tdata-text=\"w:normal;s:20,13,24,24;l:30,20,38,24;fw:700;\"\n\t\t\t\t\t\t\t\t\tdata-dim=\"w:617px,421px,464px,404px;\"\n\t\t\t\t\t\t\t\t\tdata-onslides=\"s:1;\"\n\t\t\t\t\t\t\t\t\tdata-frame_999=\"o:0;st:w;\"\n\t\t\t\t\t\t\t\t\tstyle=\"z-index:10;font-family:Raleway;\"\n\t\t\t\t\t\t\t\t>Forniture professionali HO-RE-CA per ambienti lussuosi<br \/>\n \n\t\t\t\t\t\t\t\t<\/rs-layer><!--\n\n\t\t\t\t\t\t\t\t--><rs-layer\n\t\t\t\t\t\t\t\t\tid=\"slider-7-slide-7-layer-6\" \n\t\t\t\t\t\t\t\t\tclass=\"rs-layer-static\"\n\t\t\t\t\t\t\t\t\tdata-type=\"text\"\n\t\t\t\t\t\t\t\t\tdata-color=\"#0c0c0c\"\n\t\t\t\t\t\t\t\t\tdata-rsp_ch=\"on\"\n\t\t\t\t\t\t\t\t\tdata-xy=\"xo:77,52,96px,16px;yo:128,87,118px,143px;\"\n\t\t\t\t\t\t\t\t\tdata-text=\"w:normal;s:17,11,17,18;l:25,17,23,22;\"\n\t\t\t\t\t\t\t\t\tdata-dim=\"w:610px,416px,475px,415px;h:225px,153px,201px,215px;\"\n\t\t\t\t\t\t\t\t\tdata-onslides=\"s:1;\"\n\t\t\t\t\t\t\t\t\tdata-frame_999=\"o:0;st:w;\"\n\t\t\t\t\t\t\t\t\tstyle=\"z-index:11;font-family:Raleway;\"\n\t\t\t\t\t\t\t\t>Candele Horeca fornisce prodotti professionali per hotel, ristoranti, SPA e altri partner HO-RE-CA. Con contratti di fornitori esclusivi offriamo un vasto assortimento di marchi di fama mondiale con una forte presenza sul mercato: <strong> Hofer Kerzen <\/strong> e <strong> candele professionali Lumea, Burner International firestarters, <\/strong> e <strong > Profumi d'ambiente Acqua Delle Langhe. <\/strong> La nostra rete di partnership cresce giorno dopo giorno, offrendo prodotti e servizi diversificati per la tua attivit\u00e0 di ospitalit\u00e0 di successo. Uno dei nostri ultimi membri di cui siamo molto orgogliosi \u00e8 un <strong> birrificio di birra italiano tradizionale premiato Angelo Poretti. <\/strong> \n\t\t\t\t\t\t\t\t<\/rs-layer><!--\n\n\t\t\t\t\t\t\t\t--><a\n\t\t\t\t\t\t\t\t\tid=\"slider-7-slide-7-layer-7\" \n\t\t\t\t\t\t\t\t\tclass=\"rs-layer rev-btn rs-layer-static\"\n\t\t\t\t\t\t\t\t\thref=\"https:\/\/fokusplamen.com\/it\/marche\/\" target=\"_self\" rel=\"nofollow\"\n\t\t\t\t\t\t\t\t\tdata-type=\"button\"\n\t\t\t\t\t\t\t\t\tdata-rsp_ch=\"on\"\n\t\t\t\t\t\t\t\t\tdata-xy=\"xo:730px,498px,590px,12px;yo:200,136,170px,478px;\"\n\t\t\t\t\t\t\t\t\tdata-text=\"w:normal;s:18,12,15,16;l:20,13,15,16;fw:400,400,400,600;a:center;\"\n\t\t\t\t\t\t\t\t\tdata-dim=\"w:185,126,158,190px;h:64,43,53,60px;minh:0,none,none,none;\"\n\t\t\t\t\t\t\t\t\tdata-onslides=\"s:1;\"\n\t\t\t\t\t\t\t\t\tdata-padding=\"t:9,6,8,13;r:13,9,12,7;l:13,9,12,7;\"\n\t\t\t\t\t\t\t\t\tdata-border=\"bos:solid;boc:#ca9a5c;bow:2px,2px,2px,2px;bor:5px,5px,5px,5px;\"\n\t\t\t\t\t\t\t\t\tdata-frame_999=\"o:0;st:w;\"\n\t\t\t\t\t\t\t\t\tdata-frame_hover=\"c:#fff;bgc:#2f3068;boc:#2f3068;bor:5px,5px,5px,5px;bos:solid;bow:2px,2px,2px,2px;e:power1.inOut;bri:120%;\"\n\t\t\t\t\t\t\t\t\tstyle=\"z-index:13;background-color:#ca9a5c;font-family:Raleway;\"\n\t\t\t\t\t\t\t\t>Controlla i <br \/>\nnostri marchi \n\t\t\t\t\t\t\t\t<\/a><!--\n\n\t\t\t\t\t\t\t\t--><a\n\t\t\t\t\t\t\t\t\tid=\"slider-7-slide-7-layer-8\" \n\t\t\t\t\t\t\t\t\tclass=\"rs-layer rev-btn rs-layer-static\"\n\t\t\t\t\t\t\t\t\thref=\"https:\/\/candelehoreca.it\/\" target=\"_blank\" rel=\"nofollow noopener\"\n\t\t\t\t\t\t\t\t\tdata-type=\"button\"\n\t\t\t\t\t\t\t\t\tdata-rsp_ch=\"on\"\n\t\t\t\t\t\t\t\t\tdata-xy=\"xo:730px,498px,590px,233px;yo:114,77,100px,478px;\"\n\t\t\t\t\t\t\t\t\tdata-text=\"w:normal;s:18,12,15,16;l:20,13,15,16;fw:400,400,400,600;a:center;\"\n\t\t\t\t\t\t\t\t\tdata-dim=\"w:184,125,156,190px;h:63,43,53,60px;minh:0,none,none,none;\"\n\t\t\t\t\t\t\t\t\tdata-onslides=\"s:1;\"\n\t\t\t\t\t\t\t\t\tdata-padding=\"t:9,6,8,13;r:13,9,12,7;l:13,9,12,7;\"\n\t\t\t\t\t\t\t\t\tdata-border=\"bos:solid;boc:#ca9a5c;bow:2px,2px,2px,2px;bor:5px,5px,5px,5px;\"\n\t\t\t\t\t\t\t\t\tdata-frame_999=\"o:0;st:w;\"\n\t\t\t\t\t\t\t\t\tdata-frame_hover=\"c:#fff;bgc:#2f3068;boc:#2f3068;bor:5px,5px,5px,5px;bos:solid;bow:2px,2px,2px,2px;e:power1.inOut;bri:120%;\"\n\t\t\t\t\t\t\t\t\tstyle=\"z-index:12;background-color:#ca9a5c;font-family:Raleway;\"\n\t\t\t\t\t\t\t\t>Vai al <br \/>\nwebshop \n\t\t\t\t\t\t\t\t<\/a><!--\n\t\t\t\t\t\t\t--><\/rs-group><!--\n\t\t\t\t\t--><\/rs-static-layers>\n\t\t\t\t<\/rs-module>\n\t\t\t<\/rs-module-wrap>\n\t\t\t<!-- END REVOLUTION SLIDER -->\n\n\n\n\n<p><\/p>\n\n\n\n<h2 class=\"has-text-align-center\"><strong>Fornitura affidabile di prodotti professionali per la tua attivit\u00e0 di ospitalit\u00e0<\/strong><\/h2>\n\n\n\n<div class=\"wp-block-columns row py-4\">\n<div class=\"wp-block-column col-12 col-sm-4\">\n<figure class=\"wp-block-image size-large\"><img loading=\"lazy\" width=\"400\" height=\"400\" src=\"https:\/\/fokusplamen.com\/wp-content\/uploads\/2020\/08\/o-nas-fokus-plamen-homepage.jpg\" alt=\"\" class=\"wp-image-1039\" title=\"\" srcset=\"https:\/\/fokusplamen.com\/wp-content\/uploads\/2020\/08\/o-nas-fokus-plamen-homepage.jpg 400w, https:\/\/fokusplamen.com\/wp-content\/uploads\/2020\/08\/o-nas-fokus-plamen-homepage-300x300.jpg 300w, https:\/\/fokusplamen.com\/wp-content\/uploads\/2020\/08\/o-nas-fokus-plamen-homepage-150x150.jpg 150w\" sizes=\"(max-width: 400px) 100vw, 400px\" \/><\/figure>\n\n\n\n<h2>Riguardo a noi<\/h2>\n\n\n\n<p>Azienda con sede nell&#8217;UE con una tradizione di un forte assortimento di accessori ambientali. Oggi stiamo costruendo un servizio di approvvigionamento sano, fedele e affidabile per le aziende HO-RE-CA.<a href=\"http:\/\/fokusplamen.comit\/riguardo-a-noi\/\">Di Pi\u00f9&#8230;<\/a><\/p>\n<\/div>\n\n\n\n<div class=\"wp-block-column col-12 col-sm-4\">\n<figure class=\"wp-block-image size-large\"><img loading=\"lazy\" width=\"400\" height=\"400\" src=\"https:\/\/fokusplamen.com\/wp-content\/uploads\/2020\/08\/zastopstva-fokus-plamen-homepage-1.jpg\" alt=\"\" class=\"wp-image-1045\" title=\"\" srcset=\"https:\/\/fokusplamen.com\/wp-content\/uploads\/2020\/08\/zastopstva-fokus-plamen-homepage-1.jpg 400w, https:\/\/fokusplamen.com\/wp-content\/uploads\/2020\/08\/zastopstva-fokus-plamen-homepage-1-300x300.jpg 300w, https:\/\/fokusplamen.com\/wp-content\/uploads\/2020\/08\/zastopstva-fokus-plamen-homepage-1-150x150.jpg 150w\" sizes=\"(max-width: 400px) 100vw, 400px\" \/><\/figure>\n\n\n\n<h2>Marche<\/h2>\n\n\n\n<p>Forte rete di distributori e rappresentanti di vendita con contratti esclusivi per marchi di prim&#8217;ordine di forniture ambientali professionali, come candele professionali, accendifuoco e fragranze ambientali. <a href=\"http:\/\/fokusplamen.comit\/marche\/\">Di Pi\u00f9&#8230;<\/a><\/p>\n<\/div>\n\n\n\n<div class=\"wp-block-column col-12 col-sm-4\">\n<figure class=\"wp-block-image size-large\"><img loading=\"lazy\" width=\"400\" height=\"400\" src=\"https:\/\/fokusplamen.com\/wp-content\/uploads\/2020\/08\/reference-fokus-plamen-homepage.jpg\" alt=\"\" class=\"wp-image-1048\" title=\"\" srcset=\"https:\/\/fokusplamen.com\/wp-content\/uploads\/2020\/08\/reference-fokus-plamen-homepage.jpg 400w, https:\/\/fokusplamen.com\/wp-content\/uploads\/2020\/08\/reference-fokus-plamen-homepage-300x300.jpg 300w, https:\/\/fokusplamen.com\/wp-content\/uploads\/2020\/08\/reference-fokus-plamen-homepage-150x150.jpg 150w\" sizes=\"(max-width: 400px) 100vw, 400px\" \/><\/figure>\n\n\n\n<h2>Riferimenti<\/h2>\n\n\n\n<p>Le partnership con i nostri clienti vengono prima di tutto. Hotel, ristoranti, bar, spa e altre attivit\u00e0 ricettive si affidano a noi per la qualit\u00e0 dei nostri prodotti e dei nostri servizi. Diventa uno e scopri tu stesso i vantaggi!<\/p>\n<\/div>\n<\/div>\n\n\n\n<hr class=\"wp-block-separator has-text-color has-background is-style-wide\" style=\"background-color:#ca9a5c;color:#ca9a5c\"\/>\n\n\n\n<h2 class=\"has-text-align-center pb-4 pt-4\">Rappresentare i migliori marchi europei<\/h2>\n\n\n\n<div class=\"wp-block-columns row\">\n<div class=\"wp-block-column col-6 col-md-2\">\n<figure class=\"wp-block-image size-large znamke\"><img loading=\"lazy\" width=\"400\" height=\"130\" src=\"http:\/\/fokusplamen.com\/wp-content\/uploads\/2020\/08\/hofer.jpg\" alt=\"\" class=\"wp-image-738\" title=\"\" srcset=\"https:\/\/fokusplamen.com\/wp-content\/uploads\/2020\/08\/hofer.jpg 400w, https:\/\/fokusplamen.com\/wp-content\/uploads\/2020\/08\/hofer-300x98.jpg 300w\" sizes=\"(max-width: 400px) 100vw, 400px\" \/><\/figure>\n<\/div>\n\n\n\n<div class=\"wp-block-column col-6 col-md-2\">\n<figure class=\"wp-block-image size-large znamke\"><img loading=\"lazy\" width=\"400\" height=\"130\" src=\"http:\/\/fokusplamen.com\/wp-content\/uploads\/2020\/08\/lumea.jpg\" alt=\"\" class=\"wp-image-739\" title=\"\" srcset=\"https:\/\/fokusplamen.com\/wp-content\/uploads\/2020\/08\/lumea.jpg 400w, https:\/\/fokusplamen.com\/wp-content\/uploads\/2020\/08\/lumea-300x98.jpg 300w\" sizes=\"(max-width: 400px) 100vw, 400px\" \/><\/figure>\n<\/div>\n\n\n\n<div class=\"wp-block-column col-6 col-md-2\">\n<figure class=\"wp-block-image size-large znamke\"><img loading=\"lazy\" width=\"400\" height=\"130\" src=\"http:\/\/fokusplamen.com\/wp-content\/uploads\/2020\/08\/bsi.jpg\" alt=\"\" class=\"wp-image-737\" title=\"\" srcset=\"https:\/\/fokusplamen.com\/wp-content\/uploads\/2020\/08\/bsi.jpg 400w, https:\/\/fokusplamen.com\/wp-content\/uploads\/2020\/08\/bsi-300x98.jpg 300w\" sizes=\"(max-width: 400px) 100vw, 400px\" \/><\/figure>\n<\/div>\n\n\n\n<div class=\"wp-block-column col-6 col-md-2\">\n<figure class=\"wp-block-image size-large znamke\"><img loading=\"lazy\" width=\"400\" height=\"130\" src=\"http:\/\/fokusplamen.com\/wp-content\/uploads\/2020\/08\/poretti.jpg\" alt=\"\" class=\"wp-image-740\" title=\"\" srcset=\"https:\/\/fokusplamen.com\/wp-content\/uploads\/2020\/08\/poretti.jpg 400w, https:\/\/fokusplamen.com\/wp-content\/uploads\/2020\/08\/poretti-300x98.jpg 300w\" sizes=\"(max-width: 400px) 100vw, 400px\" \/><\/figure>\n<\/div>\n\n\n\n<div class=\"wp-block-column col-6 col-md-2\">\n<figure class=\"wp-block-image size-large\"><img loading=\"lazy\" width=\"260\" height=\"160\" src=\"http:\/\/fokusplamen.com\/wp-content\/uploads\/2020\/08\/acqua-1-1.jpg\" alt=\"acqua-delle-langhe\" class=\"wp-image-807\"\/><\/figure>\n<\/div>\n\n\n\n<div class=\"wp-block-column col-6 col-md-2\">\n<figure class=\"wp-block-image size-large znamke\"><img loading=\"lazy\" width=\"1024\" height=\"425\" src=\"http:\/\/fokusplamen.com\/wp-content\/uploads\/2020\/08\/JEKA-1024x425.jpg\" alt=\"\" class=\"wp-image-772\" title=\"\" srcset=\"https:\/\/fokusplamen.com\/wp-content\/uploads\/2020\/08\/JEKA-1024x425.jpg 1024w, https:\/\/fokusplamen.com\/wp-content\/uploads\/2020\/08\/JEKA-300x124.jpg 300w, https:\/\/fokusplamen.com\/wp-content\/uploads\/2020\/08\/JEKA-768x319.jpg 768w, https:\/\/fokusplamen.com\/wp-content\/uploads\/2020\/08\/JEKA.jpg 1280w\" sizes=\"(max-width: 1024px) 100vw, 1024px\" \/><\/figure>\n\n\n\n<p><\/p>\n<\/div>\n<\/div>\n\n\n\n<div class=\"wp-block-buttons aligncenter\">\n<div class=\"wp-block-button\"><a class=\"wp-block-button__link\" href=\"https:\/\/fokusplamen.com\/it\/marche\/\" style=\"border-radius:7px\">Di Pi\u00f9&#8230;<\/a><\/div>\n<\/div>\n\n\n\n<hr class=\"wp-block-separator has-text-color has-background is-style-wide\" style=\"background-color:#ca9a5c;color:#ca9a5c\"\/>\n\n\n\n<iframe width=\"560\" height=\"315\" src=\"https:\/\/www.youtube.com\/embed\/2kBGeaotJhQ\" frameborder=\"0\" allow=\"accelerometer; autoplay; clipboard-write; encrypted-media; gyroscope; picture-in-picture\" allowfullscreen=\"\"><\/iframe>\n","protected":false},"excerpt":{"rendered":"<p>Fornitura affidabile di prodotti professionali per la tua attivit\u00e0 di ospitalit\u00e0 Riguardo a noi Azienda con sede nell&#8217;UE con una tradizione di un forte assortimento di accessori ambientali. Oggi stiamo costruendo un servizio di approvvigionamento sano, fedele e affidabile per le aziende HO-RE-CA.Di Pi\u00f9&#8230; Marche Forte rete di distributori e rappresentanti di vendita con contratti [&hellip;]<\/p>\n","protected":false},"author":3,"featured_media":0,"parent":0,"menu_order":0,"comment_status":"closed","ping_status":"closed","template":"","meta":[],"_links":{"self":[{"href":"https:\/\/fokusplamen.com\/it\/wp-json\/wp\/v2\/pages\/918"}],"collection":[{"href":"https:\/\/fokusplamen.com\/it\/wp-json\/wp\/v2\/pages"}],"about":[{"href":"https:\/\/fokusplamen.com\/it\/wp-json\/wp\/v2\/types\/page"}],"author":[{"embeddable":true,"href":"https:\/\/fokusplamen.com\/it\/wp-json\/wp\/v2\/users\/3"}],"replies":[{"embeddable":true,"href":"https:\/\/fokusplamen.com\/it\/wp-json\/wp\/v2\/comments?post=918"}],"version-history":[{"count":13,"href":"https:\/\/fokusplamen.com\/it\/wp-json\/wp\/v2\/pages\/918\/revisions"}],"predecessor-version":[{"id":1195,"href":"https:\/\/fokusplamen.com\/it\/wp-json\/wp\/v2\/pages\/918\/revisions\/1195"}],"wp:attachment":[{"href":"https:\/\/fokusplamen.com\/it\/wp-json\/wp\/v2\/media?parent=918"}],"curies":[{"name":"wp","href":"https:\/\/api.w.org\/{rel}","templated":true}]}}