{"id":988,"date":"2020-08-10T14:41:38","date_gmt":"2020-08-10T13:41:38","guid":{"rendered":"http:\/\/fokusplamen.comriguardo-a-noi\/"},"modified":"2020-09-15T10:28:10","modified_gmt":"2020-09-15T08:28:10","slug":"riguardo-a-noi","status":"publish","type":"page","link":"https:\/\/fokusplamen.com\/it\/riguardo-a-noi\/","title":{"rendered":"Riguardo a noi"},"content":{"rendered":"\n<div class=\"wp-block-columns row\">\n<div class=\"wp-block-column col-12 col-md-6\">\n<h2 class=\"has-text-color\" style=\"color:#2f3068\">Candele Horeca \u00e8 alimentato da Fokus plamen d.o.o.<\/h2>\n\n\n\n<p>La storia di un&#8217;azienda con sede nell&#8217;UE che fornisce attrezzature e forniture professionali di alta qualit\u00e0 per il settore HO-RE-CA, risale al 2011, quando il fondatore e proprietario dell&#8217;azienda Andrea Sergo decise di entrare nel mercato dell&#8217;ospitalit\u00e0 italiana con un forte assortimento di ambiental Accessori. Era solo questione di tempo quando il successo dei famosi <a href=\"https:\/\/fokusplamen.com\/it\/marche\/\"> marchi <\/a> <strong> Hofer Kerzen, Lumea, Burner International, Angelo Poretti in Acqua Delle Langhe <\/strong> sarebbe riconosciuto su tutto il mercato UE.<\/p>\n\n\n\n<p>Oggi, Fokus plamen ha una forte rete di distributori e rappresentanti di vendita con contratti esclusivi per marchi di prim&#8217;ordine di forniture professionali per l&#8217;ambiente, come <strong> candele professionali, accendifuoco e fragranze ambientali. <\/strong> \u00c8 rappresentato un assortimento in continua evoluzione in un <a href=\"http:\/\/fokusplamen-shop.dev.esee.si\/\" target=\"_blank\" rel=\"noreferrer noopener\"> webshop Candele Horeca <\/a> disponibile per clienti privati e aziendali.<\/p>\n\n\n\n<p>Sempre alla ricerca di grandi marchi da rappresentare, Andrea ha sentito il legame immediato con <strong> una delle pi\u00f9 conosciute birre italiane Angelo Poretti <\/strong> e l&#8217;ha inserito nell&#8217;offerta dell&#8217;azienda a riprova della sua missione di costruire un ambiente sano e fedele e affidabile fornitura di servizi di shopping per ristoranti, bar, hotel, spa e altre attivit\u00e0 ricettive. La prima regola dell&#8217;azienda \u00e8 &#8220;Garantire prodotti e servizi di alta qualit\u00e0 che aiuteranno i nostri clienti di <strong> HO-RE-CA <\/strong> ad aumentare il loro vantaggio competitivo&#8221;.<\/p>\n\n\n\n<h2 class=\"has-text-color\" style=\"color:#2f3068\">Missione<\/h2>\n\n\n\n<p class=\"pb-3\">Partner affidabile e di qualit\u00e0 nel settore dei prodotti ambientali HO-RE-CA creando una piacevole esperienza per i vostri ospiti di ritorno. I nostri clienti apprezzano l&#8217;ampio assortimento di prodotti di alta qualit\u00e0, consegne affidabili e assistenza. Le relazioni e il capitale umano sono al centro della nostra attivit\u00e0. Lavorare in conformit\u00e0 con la nostra responsabilit\u00e0 sociale e ambientale aziendale.<\/p>\n\n\n\n<h2 class=\"has-text-color\" style=\"color:#2f3068\">Visione<\/h2>\n\n\n\n<p class=\"pb-3\">La visione di Fokus Plamen d.o.o. \u00e8 quella di diventare uno dei fornitori pi\u00f9 noti per il segmento HO-RE-CA in Italia nel pi\u00f9 ampio mercato dell&#8217;UE.<\/p>\n\n\n\n<h2 class=\"has-text-color\" style=\"color:#2f3068\">Valori<\/h2>\n\n\n\n<p>Fiducia | Lealt\u00e0 | Responsabilit\u00e0 | Buone relazioni | Lavoro di squadra<\/p>\n<\/div>\n\n\n\n<div class=\"wp-block-column col-12 col-md-6\">\n<figure class=\"wp-block-image size-large smaller\"><img loading=\"lazy\" width=\"725\" height=\"1024\" src=\"https:\/\/fokusplamen.com\/wp-content\/uploads\/2020\/08\/podjetje-725x1024.jpg\" alt=\"Candele Horeca \u00e8 alimentato da Fokus plamen d.o.o.\" class=\"wp-image-761\" srcset=\"https:\/\/fokusplamen.com\/wp-content\/uploads\/2020\/08\/podjetje-725x1024.jpg 725w, https:\/\/fokusplamen.com\/wp-content\/uploads\/2020\/08\/podjetje-213x300.jpg 213w, https:\/\/fokusplamen.com\/wp-content\/uploads\/2020\/08\/podjetje-768x1084.jpg 768w, https:\/\/fokusplamen.com\/wp-content\/uploads\/2020\/08\/podjetje-1088x1536.jpg 1088w, https:\/\/fokusplamen.com\/wp-content\/uploads\/2020\/08\/podjetje-1451x2048.jpg 1451w, https:\/\/fokusplamen.com\/wp-content\/uploads\/2020\/08\/podjetje.jpg 1587w\" sizes=\"(max-width: 725px) 100vw, 725px\" \/><\/figure>\n\n\n\n<p><\/p>\n<\/div>\n<\/div>\n\n\n\n<hr class=\"wp-block-separator has-text-color has-background is-style-wide\" style=\"background-color:#ca9a5c;color:#ca9a5c\"\/>\n\n\n\n<h2 class=\"has-text-align-center pb-4 pt-4\"><strong> Vantaggi dei prodotti professionali per la tua attivit\u00e0 di ospitalit\u00e0 <\/strong><\/h2>\n\n\n\n<div class=\"wp-block-columns row\">\n<div class=\"wp-block-column col-6 col-md-2\">\n<figure class=\"wp-block-image size-large znamke\"><img loading=\"lazy\" width=\"400\" height=\"130\" src=\"http:\/\/fokusplamen.com\/wp-content\/uploads\/2020\/08\/hofer.jpg\" alt=\"\" class=\"wp-image-738\" title=\"\" srcset=\"https:\/\/fokusplamen.com\/wp-content\/uploads\/2020\/08\/hofer.jpg 400w, https:\/\/fokusplamen.com\/wp-content\/uploads\/2020\/08\/hofer-300x98.jpg 300w\" sizes=\"(max-width: 400px) 100vw, 400px\" \/><\/figure>\n<\/div>\n\n\n\n<div class=\"wp-block-column col-6 col-md-2\">\n<figure class=\"wp-block-image size-large znamke\"><img loading=\"lazy\" width=\"400\" height=\"130\" src=\"http:\/\/fokusplamen.com\/wp-content\/uploads\/2020\/08\/lumea.jpg\" alt=\"\" class=\"wp-image-739\" title=\"\" srcset=\"https:\/\/fokusplamen.com\/wp-content\/uploads\/2020\/08\/lumea.jpg 400w, https:\/\/fokusplamen.com\/wp-content\/uploads\/2020\/08\/lumea-300x98.jpg 300w\" sizes=\"(max-width: 400px) 100vw, 400px\" \/><\/figure>\n<\/div>\n\n\n\n<div class=\"wp-block-column col-6 col-md-2\">\n<figure class=\"wp-block-image size-large znamke\"><img loading=\"lazy\" width=\"400\" height=\"130\" src=\"http:\/\/fokusplamen.com\/wp-content\/uploads\/2020\/08\/bsi.jpg\" alt=\"\" class=\"wp-image-737\" title=\"\" srcset=\"https:\/\/fokusplamen.com\/wp-content\/uploads\/2020\/08\/bsi.jpg 400w, https:\/\/fokusplamen.com\/wp-content\/uploads\/2020\/08\/bsi-300x98.jpg 300w\" sizes=\"(max-width: 400px) 100vw, 400px\" \/><\/figure>\n<\/div>\n\n\n\n<div class=\"wp-block-column col-6 col-md-2\">\n<figure class=\"wp-block-image size-large znamke\"><img loading=\"lazy\" width=\"400\" height=\"130\" src=\"http:\/\/fokusplamen.com\/wp-content\/uploads\/2020\/08\/poretti.jpg\" alt=\"\" class=\"wp-image-740\" title=\"\" srcset=\"https:\/\/fokusplamen.com\/wp-content\/uploads\/2020\/08\/poretti.jpg 400w, https:\/\/fokusplamen.com\/wp-content\/uploads\/2020\/08\/poretti-300x98.jpg 300w\" sizes=\"(max-width: 400px) 100vw, 400px\" \/><\/figure>\n<\/div>\n\n\n\n<div class=\"wp-block-column col-6 col-md-2\">\n<figure class=\"wp-block-image size-large\"><img loading=\"lazy\" width=\"260\" height=\"160\" src=\"http:\/\/fokusplamen.com\/wp-content\/uploads\/2020\/08\/acqua-1-1.jpg\" alt=\"acqua-delle-langhe\" class=\"wp-image-807\"\/><\/figure>\n<\/div>\n\n\n\n<div class=\"wp-block-column col-6 col-md-2\">\n<figure class=\"wp-block-image size-large znamke\"><img loading=\"lazy\" width=\"1024\" height=\"425\" src=\"http:\/\/fokusplamen.com\/wp-content\/uploads\/2020\/08\/JEKA-1024x425.jpg\" alt=\"\" class=\"wp-image-772\" title=\"\" srcset=\"https:\/\/fokusplamen.com\/wp-content\/uploads\/2020\/08\/JEKA-1024x425.jpg 1024w, https:\/\/fokusplamen.com\/wp-content\/uploads\/2020\/08\/JEKA-300x124.jpg 300w, https:\/\/fokusplamen.com\/wp-content\/uploads\/2020\/08\/JEKA-768x319.jpg 768w, https:\/\/fokusplamen.com\/wp-content\/uploads\/2020\/08\/JEKA.jpg 1280w\" sizes=\"(max-width: 1024px) 100vw, 1024px\" \/><\/figure>\n\n\n\n<p><\/p>\n<\/div>\n<\/div>\n\n\n\n<div class=\"wp-block-buttons aligncenter\">\n<div class=\"wp-block-button\"><a class=\"wp-block-button__link\" href=\"https:\/\/fokusplamen.com\/it\/marche\/\" style=\"border-radius:7px\">Di Pi\u00f9&#8230;<\/a><\/div>\n<\/div>\n","protected":false},"excerpt":{"rendered":"<p>Candele Horeca \u00e8 alimentato da Fokus plamen d.o.o. La storia di un&#8217;azienda con sede nell&#8217;UE che fornisce attrezzature e forniture professionali di alta qualit\u00e0 per il settore HO-RE-CA, risale al 2011, quando il fondatore e proprietario dell&#8217;azienda Andrea Sergo decise di entrare nel mercato dell&#8217;ospitalit\u00e0 italiana con un forte assortimento di ambiental Accessori. Era solo [&hellip;]<\/p>\n","protected":false},"author":3,"featured_media":0,"parent":0,"menu_order":0,"comment_status":"closed","ping_status":"closed","template":"","meta":[],"_links":{"self":[{"href":"https:\/\/fokusplamen.com\/it\/wp-json\/wp\/v2\/pages\/988"}],"collection":[{"href":"https:\/\/fokusplamen.com\/it\/wp-json\/wp\/v2\/pages"}],"about":[{"href":"https:\/\/fokusplamen.com\/it\/wp-json\/wp\/v2\/types\/page"}],"author":[{"embeddable":true,"href":"https:\/\/fokusplamen.com\/it\/wp-json\/wp\/v2\/users\/3"}],"replies":[{"embeddable":true,"href":"https:\/\/fokusplamen.com\/it\/wp-json\/wp\/v2\/comments?post=988"}],"version-history":[{"count":5,"href":"https:\/\/fokusplamen.com\/it\/wp-json\/wp\/v2\/pages\/988\/revisions"}],"predecessor-version":[{"id":1177,"href":"https:\/\/fokusplamen.com\/it\/wp-json\/wp\/v2\/pages\/988\/revisions\/1177"}],"wp:attachment":[{"href":"https:\/\/fokusplamen.com\/it\/wp-json\/wp\/v2\/media?parent=988"}],"curies":[{"name":"wp","href":"https:\/\/api.w.org\/{rel}","templated":true}]}}